{"id":98,"date":"2019-06-04T17:13:22","date_gmt":"2019-06-04T15:13:22","guid":{"rendered":"http:\/\/natureeco.org\/?p=98"},"modified":"2020-01-21T12:22:23","modified_gmt":"2020-01-21T11:22:23","slug":"1-c-die-tierwelt","status":"publish","type":"page","link":"https:\/\/natureeco.org\/?page_id=98","title":{"rendered":"1 c. Die Tierwelt"},"content":{"rendered":"\n<div class=\"wp-block-image\"><figure class=\"alignright is-resized\"><img loading=\"lazy\" decoding=\"async\" src=\"https:\/\/natureeco.org\/wp-content\/uploads\/2019\/09\/tierwelt-2-1024x989.png\" alt=\"Schaubild Tierwelt\" class=\"wp-image-226\" width=\"356\" height=\"343\" srcset=\"https:\/\/natureeco.org\/wp-content\/uploads\/2019\/09\/tierwelt-2-1024x989.png 1024w, https:\/\/natureeco.org\/wp-content\/uploads\/2019\/09\/tierwelt-2-300x290.png 300w, https:\/\/natureeco.org\/wp-content\/uploads\/2019\/09\/tierwelt-2-768x741.png 768w\" sizes=\"auto, (max-width: 356px) 100vw, 356px\" \/><figcaption>Schaubild Tierwelt<\/figcaption><\/figure><\/div>\n\n\n\n<p>Wir n\u00e4hern uns den spannendsten Akteuren des Modells: den Tieren. <\/p>\n\n\n\n<p>\u00c4hnlich vielf\u00e4ltig wie die Pflanzenwelt, stehen sie in unserem Modell f\u00fcr sich selbst und vor allem den Menschen. <br>Ihre Interaktionen sind k\u00fcnftig das Vorbild f\u00fcr das menschliche Handeln, gepr\u00e4gt von Nachhaltigkeit und eingebettet in die Natur.<\/p>\n\n\n\n<p>  <a href=\"https:\/\/natureeco.org\/?page_id=100\">1 d. Das Wetter <\/a> <\/p>\n","protected":false},"excerpt":{"rendered":"<p>Wir n\u00e4hern uns den spannendsten Akteuren des Modells: den Tieren. \u00c4hnlich vielf\u00e4ltig wie die Pflanzenwelt, stehen sie in unserem Modell f\u00fcr sich selbst und vor allem den Menschen. Ihre Interaktionen sind k\u00fcnftig das Vorbild f\u00fcr das menschliche Handeln, gepr\u00e4gt von Nachhaltigkeit und eingebettet in die Natur. 1 d. Das Wetter<\/p>\n","protected":false},"author":1,"featured_media":0,"parent":0,"menu_order":0,"comment_status":"closed","ping_status":"closed","template":"","meta":{"give_campaign_id":0,"footnotes":""},"class_list":["post-98","page","type-page","status-publish","hentry"],"campaignId":"","jetpack_sharing_enabled":true,"_links":{"self":[{"href":"https:\/\/natureeco.org\/index.php?rest_route=\/wp\/v2\/pages\/98","targetHints":{"allow":["GET"]}}],"collection":[{"href":"https:\/\/natureeco.org\/index.php?rest_route=\/wp\/v2\/pages"}],"about":[{"href":"https:\/\/natureeco.org\/index.php?rest_route=\/wp\/v2\/types\/page"}],"author":[{"embeddable":true,"href":"https:\/\/natureeco.org\/index.php?rest_route=\/wp\/v2\/users\/1"}],"replies":[{"embeddable":true,"href":"https:\/\/natureeco.org\/index.php?rest_route=%2Fwp%2Fv2%2Fcomments&post=98"}],"version-history":[{"count":4,"href":"https:\/\/natureeco.org\/index.php?rest_route=\/wp\/v2\/pages\/98\/revisions"}],"predecessor-version":[{"id":365,"href":"https:\/\/natureeco.org\/index.php?rest_route=\/wp\/v2\/pages\/98\/revisions\/365"}],"wp:attachment":[{"href":"https:\/\/natureeco.org\/index.php?rest_route=%2Fwp%2Fv2%2Fmedia&parent=98"}],"curies":[{"name":"wp","href":"https:\/\/api.w.org\/{rel}","templated":true}]}}