{"id":88,"date":"2019-05-29T12:59:14","date_gmt":"2019-05-29T10:59:14","guid":{"rendered":"http:\/\/natureeco.org\/?p=88"},"modified":"2020-01-21T12:20:38","modified_gmt":"2020-01-21T11:20:38","slug":"1-a-die-erde-bzw-das-meer","status":"publish","type":"page","link":"https:\/\/natureeco.org\/?page_id=88","title":{"rendered":"1 a. Die Erde bzw. das Meer"},"content":{"rendered":"\n<div class=\"wp-block-image\"><figure class=\"alignright is-resized\"><img loading=\"lazy\" decoding=\"async\" src=\"https:\/\/natureeco.org\/wp-content\/uploads\/2019\/08\/die-erde-bzw-das-meer-4-1024x1022.png\" alt=\"Schaubild Erde und Meer\" class=\"wp-image-181\" width=\"408\" height=\"407\" srcset=\"https:\/\/natureeco.org\/wp-content\/uploads\/2019\/08\/die-erde-bzw-das-meer-4-1024x1022.png 1024w, https:\/\/natureeco.org\/wp-content\/uploads\/2019\/08\/die-erde-bzw-das-meer-4-150x150.png 150w, https:\/\/natureeco.org\/wp-content\/uploads\/2019\/08\/die-erde-bzw-das-meer-4-300x300.png 300w, https:\/\/natureeco.org\/wp-content\/uploads\/2019\/08\/die-erde-bzw-das-meer-4-768x767.png 768w\" sizes=\"auto, (max-width: 408px) 100vw, 408px\" \/><figcaption>Schaubild Erde und Meer<\/figcaption><\/figure><\/div>\n\n\n\n<p>Sie bilden die Grundlage und den R\u00fcckhalt f\u00fcr alles Lebende auf dieser Welt. <br>Nichts kann ohne sie entstehen oder existieren. <\/p>\n\n\n\n<p>Analog ist dies im Wirtschaftsleben die Gesellschaft. <br>Die Gesellschaften erm\u00f6glichen erst die Entstehung von Firmen und geben Ihnen die (gesetzlichen) Rahmenbedingungen vor.<br>Auch sorgt sie f\u00fcr die laufende Versorgung von N\u00e4hrstoffen f\u00fcr die Pflanzen- und Tierwelt und vieles mehr. <\/p>\n\n\n\n<p>Dies aber im n\u00e4chsten Kapitel und wir merken uns nur:<br>Die Erde bzw. das Meer = die Gesellschaft<\/p>\n\n\n\n<p> <a href=\"https:\/\/natureeco.org\/?page_id=93\"> 1 b. Die Pflanzenwelt<\/a> <\/p>\n","protected":false},"excerpt":{"rendered":"<p>Sie bilden die Grundlage und den R\u00fcckhalt f\u00fcr alles Lebende auf dieser Welt. Nichts kann ohne sie entstehen oder existieren. Analog ist dies im Wirtschaftsleben die Gesellschaft. Die Gesellschaften erm\u00f6glichen erst die Entstehung von Firmen und geben Ihnen die (gesetzlichen) Rahmenbedingungen vor.Auch sorgt sie f\u00fcr die laufende Versorgung von N\u00e4hrstoffen f\u00fcr die Pflanzen- und Tierwelt &hellip; <\/p>\n<p class=\"link-more\"><a href=\"https:\/\/natureeco.org\/?page_id=88\" class=\"more-link\"><span class=\"screen-reader-text\">\u201e1 a. Die Erde bzw. das Meer\u201c <\/span>weiterlesen<\/a><\/p>\n","protected":false},"author":1,"featured_media":0,"parent":0,"menu_order":0,"comment_status":"closed","ping_status":"closed","template":"","meta":{"give_campaign_id":0,"footnotes":""},"class_list":["post-88","page","type-page","status-publish","hentry"],"campaignId":"","jetpack_sharing_enabled":true,"_links":{"self":[{"href":"https:\/\/natureeco.org\/index.php?rest_route=\/wp\/v2\/pages\/88","targetHints":{"allow":["GET"]}}],"collection":[{"href":"https:\/\/natureeco.org\/index.php?rest_route=\/wp\/v2\/pages"}],"about":[{"href":"https:\/\/natureeco.org\/index.php?rest_route=\/wp\/v2\/types\/page"}],"author":[{"embeddable":true,"href":"https:\/\/natureeco.org\/index.php?rest_route=\/wp\/v2\/users\/1"}],"replies":[{"embeddable":true,"href":"https:\/\/natureeco.org\/index.php?rest_route=%2Fwp%2Fv2%2Fcomments&post=88"}],"version-history":[{"count":9,"href":"https:\/\/natureeco.org\/index.php?rest_route=\/wp\/v2\/pages\/88\/revisions"}],"predecessor-version":[{"id":362,"href":"https:\/\/natureeco.org\/index.php?rest_route=\/wp\/v2\/pages\/88\/revisions\/362"}],"wp:attachment":[{"href":"https:\/\/natureeco.org\/index.php?rest_route=%2Fwp%2Fv2%2Fmedia&parent=88"}],"curies":[{"name":"wp","href":"https:\/\/api.w.org\/{rel}","templated":true}]}}