{"id":82,"date":"2019-05-22T15:52:48","date_gmt":"2019-05-22T13:52:48","guid":{"rendered":"http:\/\/natureeco.org\/?page_id=82"},"modified":"2021-03-15T13:29:42","modified_gmt":"2021-03-15T12:29:42","slug":"ein-wirtschaftsmodell-einzigartig-durch","status":"publish","type":"page","link":"https:\/\/natureeco.org\/?page_id=82","title":{"rendered":"Ein Wirtschaftsmodell einzigartig durch"},"content":{"rendered":"\n<ol class=\"wp-block-list\"><li>die N\u00e4he zur Natur und vielmehr dient die Natur selbst als Vorlage und Schablone,<br><\/li><li>seine Einfachheit und auch f\u00fcr Laien nachvollziehbar,<br><\/li><li>die Erweiterbarkeit in alle Wirtschaftsbereiche hin.<\/li><\/ol>\n\n\n\n<p>Es ist ein Risiko, ein Wirtschaftsmodell auf solche einfache Weise zu beschreiben und auch noch zu bebildern. Zu leicht ist die Gefahr das Modell nicht ernst zu nehmen und \u00fcber die m\u00e4chtigen Grundgedanken hinwegzusehen. <br>Insbesondere als studierter Wirtschaftswissenschaftler, kennt man nur dicke B\u00fccher mit Schaubildern und Diagrammen, welche punktgenau vermeintliche Abh\u00e4ngigkeiten und optimale Indikatoren aufzeigen.<\/p>\n\n\n\n<p>Dennoch m\u00f6chte ich \u00fcber diese Art der Modellvermittlung auch die jungen und offenen Menschen erreichen. Fachfremde gleicherma\u00dfen wie Fachkundige. <\/p>\n","protected":false},"excerpt":{"rendered":"<p>die N\u00e4he zur Natur und vielmehr dient die Natur selbst als Vorlage und Schablone, seine Einfachheit und auch f\u00fcr Laien nachvollziehbar, die Erweiterbarkeit in alle Wirtschaftsbereiche hin. Es ist ein Risiko, ein Wirtschaftsmodell auf solche einfache Weise zu beschreiben und auch noch zu bebildern. Zu leicht ist die Gefahr das Modell nicht ernst zu nehmen &hellip; <\/p>\n<p class=\"link-more\"><a href=\"https:\/\/natureeco.org\/?page_id=82\" class=\"more-link\"><span class=\"screen-reader-text\">\u201eEin Wirtschaftsmodell einzigartig durch\u201c <\/span>weiterlesen<\/a><\/p>\n","protected":false},"author":1,"featured_media":0,"parent":0,"menu_order":0,"comment_status":"closed","ping_status":"closed","template":"","meta":{"give_campaign_id":0,"footnotes":""},"class_list":["post-82","page","type-page","status-publish","hentry"],"campaignId":"","jetpack_sharing_enabled":true,"_links":{"self":[{"href":"https:\/\/natureeco.org\/index.php?rest_route=\/wp\/v2\/pages\/82","targetHints":{"allow":["GET"]}}],"collection":[{"href":"https:\/\/natureeco.org\/index.php?rest_route=\/wp\/v2\/pages"}],"about":[{"href":"https:\/\/natureeco.org\/index.php?rest_route=\/wp\/v2\/types\/page"}],"author":[{"embeddable":true,"href":"https:\/\/natureeco.org\/index.php?rest_route=\/wp\/v2\/users\/1"}],"replies":[{"embeddable":true,"href":"https:\/\/natureeco.org\/index.php?rest_route=%2Fwp%2Fv2%2Fcomments&post=82"}],"version-history":[{"count":5,"href":"https:\/\/natureeco.org\/index.php?rest_route=\/wp\/v2\/pages\/82\/revisions"}],"predecessor-version":[{"id":467,"href":"https:\/\/natureeco.org\/index.php?rest_route=\/wp\/v2\/pages\/82\/revisions\/467"}],"wp:attachment":[{"href":"https:\/\/natureeco.org\/index.php?rest_route=%2Fwp%2Fv2%2Fmedia&parent=82"}],"curies":[{"name":"wp","href":"https:\/\/api.w.org\/{rel}","templated":true}]}}