{"id":183,"date":"2019-08-25T17:06:55","date_gmt":"2019-08-25T15:06:55","guid":{"rendered":"https:\/\/natureeco.org\/?p=183"},"modified":"2020-01-21T15:13:29","modified_gmt":"2020-01-21T14:13:29","slug":"4-steuern-oder-was","status":"publish","type":"page","link":"https:\/\/natureeco.org\/?page_id=183","title":{"rendered":"4. Steuern oder was?"},"content":{"rendered":"<p>In der Natur gibt es keine Steuern, prima oder?<\/p>\n<p>Ja richtig, aber in der Natur nimmt sich auch nur jeder das was er braucht.<\/p>\n<p>Daher wird uns das Thema Steuern noch sehr lange erhalten bleiben, aber radikal anders als bisher.<\/p>\n<p>Steuern m\u00fcssen die Lenkungsfunktion f\u00fcr die \u00f6kologische Nachhaltigkeit bilden und sind gleichzeitig Basis f\u00fcr die Ausgleichszahlung von aufwendigen Recyclingprozessen.<\/p>\n<p>Nur so kann die Konvertierung gelingen und nachhaltiges Wirtschaften lohnt sich.<\/p>\n<p>Aber keine Angst, je nach Lebenswandel ist das sozialvertr\u00e4glicher als es sich vielleicht gerade anh\u00f6rt.<\/p>\n<p><a href=\"http:\/\/natureeco.org\/?page_id=186\">4.a Steuergrunds\u00e4tze<\/a><\/p>\n","protected":false},"excerpt":{"rendered":"<p>In der Natur gibt es keine Steuern, prima oder? Ja richtig, aber in der Natur nimmt sich auch nur jeder das was er braucht. Daher wird uns das Thema Steuern noch sehr lange erhalten bleiben, aber radikal anders als bisher. Steuern m\u00fcssen die Lenkungsfunktion f\u00fcr die \u00f6kologische Nachhaltigkeit bilden und sind gleichzeitig Basis f\u00fcr die &hellip; <\/p>\n<p class=\"link-more\"><a href=\"https:\/\/natureeco.org\/?page_id=183\" class=\"more-link\"><span class=\"screen-reader-text\">\u201e4. Steuern oder was?\u201c <\/span>weiterlesen<\/a><\/p>\n","protected":false},"author":1,"featured_media":0,"parent":0,"menu_order":0,"comment_status":"closed","ping_status":"closed","template":"","meta":{"give_campaign_id":0,"footnotes":""},"class_list":["post-183","page","type-page","status-publish","hentry"],"campaignId":"","jetpack_sharing_enabled":true,"_links":{"self":[{"href":"https:\/\/natureeco.org\/index.php?rest_route=\/wp\/v2\/pages\/183","targetHints":{"allow":["GET"]}}],"collection":[{"href":"https:\/\/natureeco.org\/index.php?rest_route=\/wp\/v2\/pages"}],"about":[{"href":"https:\/\/natureeco.org\/index.php?rest_route=\/wp\/v2\/types\/page"}],"author":[{"embeddable":true,"href":"https:\/\/natureeco.org\/index.php?rest_route=\/wp\/v2\/users\/1"}],"replies":[{"embeddable":true,"href":"https:\/\/natureeco.org\/index.php?rest_route=%2Fwp%2Fv2%2Fcomments&post=183"}],"version-history":[{"count":4,"href":"https:\/\/natureeco.org\/index.php?rest_route=\/wp\/v2\/pages\/183\/revisions"}],"predecessor-version":[{"id":380,"href":"https:\/\/natureeco.org\/index.php?rest_route=\/wp\/v2\/pages\/183\/revisions\/380"}],"wp:attachment":[{"href":"https:\/\/natureeco.org\/index.php?rest_route=%2Fwp%2Fv2%2Fmedia&parent=183"}],"curies":[{"name":"wp","href":"https:\/\/api.w.org\/{rel}","templated":true}]}}