{"id":105,"date":"2019-06-10T08:56:58","date_gmt":"2019-06-10T06:56:58","guid":{"rendered":"https:\/\/natureeco.org\/?p=105"},"modified":"2020-01-21T12:54:48","modified_gmt":"2020-01-21T11:54:48","slug":"2-kapitel-erste-firma","status":"publish","type":"page","link":"https:\/\/natureeco.org\/?page_id=105","title":{"rendered":"2. Kapitel &#8211; die erste Firma"},"content":{"rendered":"\n<div class=\"wp-block-image\"><figure class=\"alignright size-large\"><img loading=\"lazy\" decoding=\"async\" width=\"364\" height=\"260\" src=\"https:\/\/natureeco.org\/wp-content\/uploads\/2019\/12\/Gras.png\" alt=\"Grashalme\" class=\"wp-image-265\" srcset=\"https:\/\/natureeco.org\/wp-content\/uploads\/2019\/12\/Gras.png 364w, https:\/\/natureeco.org\/wp-content\/uploads\/2019\/12\/Gras-300x214.png 300w\" sizes=\"auto, (max-width: 364px) 100vw, 364px\" \/><figcaption>Grashalme<\/figcaption><\/figure><\/div>\n\n\n<p>Wir kennen nun die Akteure, aber noch keinerlei Zusammenspiel. Deshalb verlassen wir die statische Ansicht und beginnen mit einer kleinen Firma mit dem sinnigen Namen: &#8222;Grashalm&#8220;.<\/p>\n<p>Aus der Gesellschaft (= dem Boden) erw\u00e4chst nun die sehr einfache Firma ( = Pflanzenwelt) namens &#8222;Grashalm&#8220;.<\/p>\n<p>Die Firmengr\u00fcndung war ebenfalls sehr einfach, da in dieser Gesellschaft t\u00e4glich tausende &#8222;Grashalme&#8220; gegr\u00fcndet werden.<\/p>\n<p>Ihr einziger Zweck ist als Zulieferer f\u00fcr gr\u00f6\u00dfere Firmen und mit einfachen Dienstleistungen der Gesellschaft zu dienen.<\/p>\n<p><a href=\"https:\/\/natureeco.org\/?page_id=110\" data-rich-text-format-boundary=\"true\">2.a Der Konzern<\/a><\/p>","protected":false},"excerpt":{"rendered":"<p>Wir kennen nun die Akteure, aber noch keinerlei Zusammenspiel. Deshalb verlassen wir die statische Ansicht und beginnen mit einer kleinen Firma mit dem sinnigen Namen: &#8222;Grashalm&#8220;. Aus der Gesellschaft (= dem Boden) erw\u00e4chst nun die sehr einfache Firma ( = Pflanzenwelt) namens &#8222;Grashalm&#8220;. Die Firmengr\u00fcndung war ebenfalls sehr einfach, da in dieser Gesellschaft t\u00e4glich tausende &hellip; <\/p>\n<p class=\"link-more\"><a href=\"https:\/\/natureeco.org\/?page_id=105\" class=\"more-link\"><span class=\"screen-reader-text\">\u201e2. Kapitel &#8211; die erste Firma\u201c <\/span>weiterlesen<\/a><\/p>\n","protected":false},"author":1,"featured_media":0,"parent":0,"menu_order":0,"comment_status":"closed","ping_status":"closed","template":"","meta":{"give_campaign_id":0,"footnotes":""},"class_list":["post-105","page","type-page","status-publish","hentry"],"campaignId":"","jetpack_sharing_enabled":true,"_links":{"self":[{"href":"https:\/\/natureeco.org\/index.php?rest_route=\/wp\/v2\/pages\/105","targetHints":{"allow":["GET"]}}],"collection":[{"href":"https:\/\/natureeco.org\/index.php?rest_route=\/wp\/v2\/pages"}],"about":[{"href":"https:\/\/natureeco.org\/index.php?rest_route=\/wp\/v2\/types\/page"}],"author":[{"embeddable":true,"href":"https:\/\/natureeco.org\/index.php?rest_route=\/wp\/v2\/users\/1"}],"replies":[{"embeddable":true,"href":"https:\/\/natureeco.org\/index.php?rest_route=%2Fwp%2Fv2%2Fcomments&post=105"}],"version-history":[{"count":6,"href":"https:\/\/natureeco.org\/index.php?rest_route=\/wp\/v2\/pages\/105\/revisions"}],"predecessor-version":[{"id":369,"href":"https:\/\/natureeco.org\/index.php?rest_route=\/wp\/v2\/pages\/105\/revisions\/369"}],"wp:attachment":[{"href":"https:\/\/natureeco.org\/index.php?rest_route=%2Fwp%2Fv2%2Fmedia&parent=105"}],"curies":[{"name":"wp","href":"https:\/\/api.w.org\/{rel}","templated":true}]}}